{"id":1175,"date":"2025-05-06T10:28:44","date_gmt":"2025-05-06T10:28:44","guid":{"rendered":"https:\/\/evidence.es\/?page_id=1175"},"modified":"2025-10-31T08:21:48","modified_gmt":"2025-10-31T07:21:48","slug":"sistemas-de-informacion-canal-de-denuncias","status":"publish","type":"page","link":"https:\/\/evidence.es\/en\/sistemas-de-informacion-canal-de-denuncias\/","title":{"rendered":"Information Systems \u2013 Reporting Channel"},"content":{"rendered":"<div data-elementor-type=\"wp-page\" data-elementor-id=\"1175\" class=\"elementor elementor-1175\" data-elementor-post-type=\"page\">\n\t\t\t\t\t\t<section class=\"elementor-section elementor-top-section elementor-element elementor-element-f93d13a elementor-section-boxed elementor-section-height-default elementor-section-height-default\" data-id=\"f93d13a\" data-element_type=\"section\" data-e-type=\"section\">\n\t\t\t\t\t\t<div class=\"elementor-container elementor-column-gap-default\">\n\t\t\t\t\t<div class=\"elementor-column elementor-col-100 elementor-top-column elementor-element elementor-element-d6a8dec\" data-id=\"d6a8dec\" data-element_type=\"column\" data-e-type=\"column\">\n\t\t\t<div class=\"elementor-widget-wrap elementor-element-populated\">\n\t\t\t\t\t\t<div class=\"elementor-element elementor-element-dfb1c51 elementor-widget elementor-widget-text-editor\" data-id=\"dfb1c51\" data-element_type=\"widget\" data-e-type=\"widget\" data-widget_type=\"text-editor.default\">\n\t\t\t\t<div class=\"elementor-widget-container\">\n\t\t\t\t\t\t\t\t\t<div style=\"border: 1pt none black; padding: 0cm; background-image: initial; background-position: initial; background-size: initial; background-repeat: initial; background-attachment: initial; background-origin: initial; background-clip: initial;\"><p class=\"MsoNormal\" style=\"margin-bottom: 15pt; text-align: justify; background-image: initial; background-position: initial; background-size: initial; background-repeat: initial; background-attachment: initial; background-origin: initial; background-clip: initial; border-top: none; border-right: none; border-left: none; border-image: initial; padding: 0cm; border-bottom: 0cm none black;\"><span style=\"color: #000000;\"><span style=\"font-size: 10.5pt; line-height: 107%;\">For any incident you wish to report to us, we inform you that <\/span><span style=\"font-size: 10.5pt; line-height: 107%;\">EVIDENCE AUDITORS SL,<\/span><span style=\"font-size: 10.5pt; line-height: 107%;\"> In accordance with Law 2\/2023, we have an Internal Information System, which includes the different communication channels with it, established through the SAY US App, through which you can send us any incident with the maximum legal guarantees. You can consult <\/span><a href=\"#principios-basicos\"><b><u><span style=\"font-size: 10.5pt; line-height: 107%;\">here<\/span><\/u><\/b><\/a><b> <\/b><span style=\"font-size: 10.5pt; line-height: 107%;\">the basic principles of the system.<\/span><\/span><\/p><p class=\"MsoNormal\" style=\"margin-bottom: 15pt; background-image: initial; background-position: initial; background-size: initial; background-repeat: initial; background-attachment: initial; background-origin: initial; background-clip: initial; border-top: none; border-right: none; border-left: none; border-image: initial; padding: 0cm; border-bottom: 0cm none black;\"><span style=\"font-size: 10.5pt; line-height: 107%; color: #000000;\">Download the SAY US app from the following links depending on your mobile device:<\/span><\/p><p class=\"MsoNormal\" style=\"margin-bottom: 15pt; background-image: initial; background-position: initial; background-size: initial; background-repeat: initial; background-attachment: initial; background-origin: initial; background-clip: initial; border-top: none; border-right: none; border-left: none; border-image: initial; padding: 0cm; border-bottom: 0cm none black;\"><span style=\"color: #000000;\"><img decoding=\"async\" class=\"alignnone size-full wp-image-1198\" src=\"https:\/\/evidence.es\/wp-content\/uploads\/sayus.png\" alt=\"\" width=\"81\" height=\"49\" srcset=\"https:\/\/evidence.es\/wp-content\/uploads\/sayus.png 81w, https:\/\/evidence.es\/wp-content\/uploads\/sayus-18x12.png 18w\" sizes=\"(max-width: 81px) 100vw, 81px\" \/><\/span><\/p><p class=\"MsoNormal\" style=\"margin-bottom: 15pt; background-image: initial; background-position: initial; background-size: initial; background-repeat: initial; background-attachment: initial; background-origin: initial; background-clip: initial; border-top: none; border-right: none; border-left: none; border-image: initial; padding: 0cm; border-bottom: 0cm none black;\"><span style=\"color: #000000;\">TO<span style=\"font-size: 10.5pt; line-height: 107%;\">ND<\/span><span style=\"font-size: 10.5pt; line-height: 107%;\">R<\/span><span style=\"font-size: 10.5pt; line-height: 107%;\">OID: <\/span><a style=\"color: #000000;\" href=\"https:\/\/play.google.com\/store\/apps\/details?id=info.si2.sayus&amp;gl=ES&amp;pli=1\"><span style=\"font-size: 10.5pt; line-height: 107%;\">Say Us \u2013 Apps on Google Play<\/span><\/a><\/span><\/p><p class=\"MsoNormal\" style=\"margin-bottom: 15pt; background-image: initial; background-position: initial; background-size: initial; background-repeat: initial; background-attachment: initial; background-origin: initial; background-clip: initial; border: none; padding: 0cm;\"><span style=\"color: #000000;\"><span style=\"font-size: 10.5pt; line-height: 107%;\">APPLE: <\/span><a style=\"color: #000000;\" href=\"https:\/\/apps.apple.com\/es\/app\/say-us\/id1563699389\"><span style=\"font-size: 10.5pt; line-height: 107%;\">Say Us on the App Store (apple.com)<\/span><\/a><\/span><\/p><\/div>\t\t\t\t\t\t\t\t<\/div>\n\t\t\t\t<\/div>\n\t\t\t\t\t<\/div>\n\t\t<\/div>\n\t\t\t\t\t<\/div>\n\t\t<\/section>\n\t\t\t\t<section class=\"elementor-section elementor-top-section elementor-element elementor-element-98b7932 elementor-section-boxed elementor-section-height-default elementor-section-height-default\" data-id=\"98b7932\" data-element_type=\"section\" data-e-type=\"section\">\n\t\t\t\t\t\t<div class=\"elementor-container elementor-column-gap-default\">\n\t\t\t\t\t<div class=\"elementor-column elementor-col-100 elementor-top-column elementor-element elementor-element-5bafd0d\" data-id=\"5bafd0d\" data-element_type=\"column\" data-e-type=\"column\">\n\t\t\t<div class=\"elementor-widget-wrap\">\n\t\t\t\t\t\t\t<\/div>\n\t\t<\/div>\n\t\t\t\t\t<\/div>\n\t\t<\/section>\n\t\t\t\t<section class=\"elementor-section elementor-top-section elementor-element elementor-element-2c9eac6 elementor-section-boxed elementor-section-height-default elementor-section-height-default\" data-id=\"2c9eac6\" data-element_type=\"section\" data-e-type=\"section\" id=\"principios-basicos\">\n\t\t\t\t\t\t<div class=\"elementor-container elementor-column-gap-default\">\n\t\t\t\t\t<div class=\"elementor-column elementor-col-100 elementor-top-column elementor-element elementor-element-e03229d\" data-id=\"e03229d\" data-element_type=\"column\" data-e-type=\"column\">\n\t\t\t<div class=\"elementor-widget-wrap elementor-element-populated\">\n\t\t\t\t\t\t<div class=\"elementor-element elementor-element-11c17f4 elementor-widget elementor-widget-text-editor\" data-id=\"11c17f4\" data-element_type=\"widget\" data-e-type=\"widget\" data-widget_type=\"text-editor.default\">\n\t\t\t\t<div class=\"elementor-widget-container\">\n\t\t\t\t\t\t\t\t\t<p><span style=\"color: #000000;\"><strong>BASIC PRINCIPLES OF THE SYSTEM<\/strong><\/span><\/p>\n<p><span style=\"color: #000000;\">The Internal Information System provided to its stakeholders by EVIDENCE AUDITORES SL complies with all the requirements established in Law 2\/2023. This System allows for written or verbal communication, or both. Information may be provided in writing, via postal mail or through the SAY US App enabled for this purpose, or verbally, by telephone or voice messaging. At the request of the reporting party, information may also be provided in person within a maximum period of seven days. Communications will be recorded, and the processing of your data will be subject to the provisions of Regulation (EU) 2016\/679 of the European Parliament and of the Council of 27 April 2016.&nbsp;<\/span><\/p><p><span style=\"color: #000000;\">In addition to our internal channel, you can access external reporting channels with the relevant authorities, specifically the Independent Authority for the Protection of Whistleblowers (AAI), under the Ministry of Justice, either directly or after communicating through the corresponding internal channel. (Ministry of Justice) When making the report, the whistleblower can indicate an address, email, or secure location to receive notifications. The app has a system for generating a username and password so that anonymous whistleblowers can access notifications while maintaining their anonymity.<\/span><\/p>\n<p><span style=\"color: #000000;\">Without prejudice to the rights to which you are entitled under data protection regulations, the informant may verify, rectify, and accept the transcription of verbal communications.<\/span><\/p>\n<p><span style=\"color: #000000;\">Access to personal data contained in the Internal Information System will be limited, within the scope of their powers and functions, exclusively to the data controllers established in Law 2\/2023. Such data will be processed in accordance with the terms established in said law and current legislation on personal data protection.<\/span><\/p>\n<p><span style=\"color: #000000;\">Anyone who submits a communication through this System has the right to have their identity not revealed to third parties.<\/span><\/p>\n<p><span style=\"color: #000000;\">No data will be obtained that would allow the identification of the informant, and we have appropriate technical and organizational measures in place to preserve the identity and guarantee the confidentiality of the data corresponding to the affected individuals and any third party mentioned in the information provided, especially the identity of the informant if they have been identified.<\/span><\/p>\n<p><span style=\"color: #000000;\">The identity of the informant may only be communicated to the judicial authority, the Public Prosecutor&#039;s Office, or the competent administrative authority within the framework of a criminal, disciplinary, or sanctioning investigation. EVIDENCE AUDITORES SL respects the prohibition of acts constituting retaliation, including threats of retaliation and attempted retaliation against persons who submit a communication in accordance with the provisions of this law.<\/span><\/p>\t\t\t\t\t\t\t\t<\/div>\n\t\t\t\t<\/div>\n\t\t\t\t\t<\/div>\n\t\t<\/div>\n\t\t\t\t\t<\/div>\n\t\t<\/section>\n\t\t\t\t<\/div>","protected":false},"excerpt":{"rendered":"<p>Para cualquier incidencia que desee comunicarnos le informamos que EVIDENCE AUDITORES SL, de conformidad con la Ley 2\/2023 dispone de un Sistema Interno de Informaci\u00f3n, que comprende los distintos canales de comunicaci\u00f3n con la misma, establecido a trav\u00e9s de la App SAY US, mediante la cual podr\u00e1 enviarnos cualquier incidencia con las m\u00e1ximas garant\u00edas legales. [&hellip;]<\/p>\n","protected":false},"author":2,"featured_media":0,"parent":0,"menu_order":0,"comment_status":"closed","ping_status":"closed","template":"","meta":{"footnotes":""},"class_list":["post-1175","page","type-page","status-publish","hentry"],"yoast_head":"<!-- This site is optimized with the Yoast SEO plugin v27.1.1 - https:\/\/yoast.com\/product\/yoast-seo-wordpress\/ -->\n<title>Sistemas de Informaci\u00f3n - Canal de Denuncias - Evidence<\/title>\n<meta name=\"robots\" content=\"index, follow, max-snippet:-1, max-image-preview:large, max-video-preview:-1\" \/>\n<link rel=\"canonical\" href=\"https:\/\/evidence.es\/en\/sistemas-de-informacion-canal-de-denuncias\/\" \/>\n<meta property=\"og:locale\" content=\"en_US\" \/>\n<meta property=\"og:type\" content=\"article\" \/>\n<meta property=\"og:title\" content=\"Sistemas de Informaci\u00f3n - Canal de Denuncias - Evidence\" \/>\n<meta property=\"og:description\" content=\"Para cualquier incidencia que desee comunicarnos le informamos que EVIDENCE AUDITORES SL, de conformidad con la Ley 2\/2023 dispone de un Sistema Interno de Informaci\u00f3n, que comprende los distintos canales de comunicaci\u00f3n con la misma, establecido a trav\u00e9s de la App SAY US, mediante la cual podr\u00e1 enviarnos cualquier incidencia con las m\u00e1ximas garant\u00edas legales. [&hellip;]\" \/>\n<meta property=\"og:url\" content=\"https:\/\/evidence.es\/en\/sistemas-de-informacion-canal-de-denuncias\/\" \/>\n<meta property=\"og:site_name\" content=\"Evidence\" \/>\n<meta property=\"article:modified_time\" content=\"2025-10-31T07:21:48+00:00\" \/>\n<meta property=\"og:image\" content=\"https:\/\/evidence.es\/wp-content\/uploads\/sayus.png\" \/>\n\t<meta property=\"og:image:width\" content=\"81\" \/>\n\t<meta property=\"og:image:height\" content=\"49\" \/>\n\t<meta property=\"og:image:type\" content=\"image\/png\" \/>\n<meta name=\"twitter:card\" content=\"summary_large_image\" \/>\n<meta name=\"twitter:label1\" content=\"Est. reading time\" \/>\n\t<meta name=\"twitter:data1\" content=\"3 minutes\" \/>\n<script type=\"application\/ld+json\" class=\"yoast-schema-graph\">{\"@context\":\"https:\/\/schema.org\",\"@graph\":[{\"@type\":\"WebPage\",\"@id\":\"https:\/\/evidence.es\/sistemas-de-informacion-canal-de-denuncias\/\",\"url\":\"https:\/\/evidence.es\/sistemas-de-informacion-canal-de-denuncias\/\",\"name\":\"Sistemas de Informaci\u00f3n - Canal de Denuncias - Evidence\",\"isPartOf\":{\"@id\":\"https:\/\/evidence.es\/#website\"},\"primaryImageOfPage\":{\"@id\":\"https:\/\/evidence.es\/sistemas-de-informacion-canal-de-denuncias\/#primaryimage\"},\"image\":{\"@id\":\"https:\/\/evidence.es\/sistemas-de-informacion-canal-de-denuncias\/#primaryimage\"},\"thumbnailUrl\":\"https:\/\/evidence.es\/wp-content\/uploads\/sayus.png\",\"datePublished\":\"2025-05-06T10:28:44+00:00\",\"dateModified\":\"2025-10-31T07:21:48+00:00\",\"breadcrumb\":{\"@id\":\"https:\/\/evidence.es\/sistemas-de-informacion-canal-de-denuncias\/#breadcrumb\"},\"inLanguage\":\"en-US\",\"potentialAction\":[{\"@type\":\"ReadAction\",\"target\":[\"https:\/\/evidence.es\/sistemas-de-informacion-canal-de-denuncias\/\"]}]},{\"@type\":\"ImageObject\",\"inLanguage\":\"en-US\",\"@id\":\"https:\/\/evidence.es\/sistemas-de-informacion-canal-de-denuncias\/#primaryimage\",\"url\":\"https:\/\/evidence.es\/wp-content\/uploads\/sayus.png\",\"contentUrl\":\"https:\/\/evidence.es\/wp-content\/uploads\/sayus.png\"},{\"@type\":\"BreadcrumbList\",\"@id\":\"https:\/\/evidence.es\/sistemas-de-informacion-canal-de-denuncias\/#breadcrumb\",\"itemListElement\":[{\"@type\":\"ListItem\",\"position\":1,\"name\":\"Portada\",\"item\":\"https:\/\/evidence.es\/\"},{\"@type\":\"ListItem\",\"position\":2,\"name\":\"Sistemas de Informaci\u00f3n &#8211; Canal de Denuncias\"}]},{\"@type\":\"WebSite\",\"@id\":\"https:\/\/evidence.es\/#website\",\"url\":\"https:\/\/evidence.es\/\",\"name\":\"Evidence\",\"description\":\"evidence auditores\",\"publisher\":{\"@id\":\"https:\/\/evidence.es\/#organization\"},\"alternateName\":\"evidence auditores\",\"potentialAction\":[{\"@type\":\"SearchAction\",\"target\":{\"@type\":\"EntryPoint\",\"urlTemplate\":\"https:\/\/evidence.es\/?s={search_term_string}\"},\"query-input\":{\"@type\":\"PropertyValueSpecification\",\"valueRequired\":true,\"valueName\":\"search_term_string\"}}],\"inLanguage\":\"en-US\"},{\"@type\":\"Organization\",\"@id\":\"https:\/\/evidence.es\/#organization\",\"name\":\"Evidence auditores S.L\",\"url\":\"https:\/\/evidence.es\/\",\"logo\":{\"@type\":\"ImageObject\",\"inLanguage\":\"en-US\",\"@id\":\"https:\/\/evidence.es\/#\/schema\/logo\/image\/\",\"url\":\"https:\/\/evidence.es\/wp-content\/uploads\/2023\/06\/logo-transparente-evidence.png\",\"contentUrl\":\"https:\/\/evidence.es\/wp-content\/uploads\/2023\/06\/logo-transparente-evidence.png\",\"width\":1000,\"height\":300,\"caption\":\"Evidence auditores S.L\"},\"image\":{\"@id\":\"https:\/\/evidence.es\/#\/schema\/logo\/image\/\"}}]}<\/script>\n<!-- \/ Yoast SEO plugin. -->","yoast_head_json":{"title":"Sistemas de Informaci\u00f3n - Canal de Denuncias - Evidence","robots":{"index":"index","follow":"follow","max-snippet":"max-snippet:-1","max-image-preview":"max-image-preview:large","max-video-preview":"max-video-preview:-1"},"canonical":"https:\/\/evidence.es\/en\/sistemas-de-informacion-canal-de-denuncias\/","og_locale":"en_US","og_type":"article","og_title":"Sistemas de Informaci\u00f3n - Canal de Denuncias - Evidence","og_description":"Para cualquier incidencia que desee comunicarnos le informamos que EVIDENCE AUDITORES SL, de conformidad con la Ley 2\/2023 dispone de un Sistema Interno de Informaci\u00f3n, que comprende los distintos canales de comunicaci\u00f3n con la misma, establecido a trav\u00e9s de la App SAY US, mediante la cual podr\u00e1 enviarnos cualquier incidencia con las m\u00e1ximas garant\u00edas legales. [&hellip;]","og_url":"https:\/\/evidence.es\/en\/sistemas-de-informacion-canal-de-denuncias\/","og_site_name":"Evidence","article_modified_time":"2025-10-31T07:21:48+00:00","og_image":[{"width":81,"height":49,"url":"https:\/\/evidence.es\/wp-content\/uploads\/sayus.png","type":"image\/png"}],"twitter_card":"summary_large_image","twitter_misc":{"Est. reading time":"3 minutes"},"schema":{"@context":"https:\/\/schema.org","@graph":[{"@type":"WebPage","@id":"https:\/\/evidence.es\/sistemas-de-informacion-canal-de-denuncias\/","url":"https:\/\/evidence.es\/sistemas-de-informacion-canal-de-denuncias\/","name":"Sistemas de Informaci\u00f3n - Canal de Denuncias - Evidence","isPartOf":{"@id":"https:\/\/evidence.es\/#website"},"primaryImageOfPage":{"@id":"https:\/\/evidence.es\/sistemas-de-informacion-canal-de-denuncias\/#primaryimage"},"image":{"@id":"https:\/\/evidence.es\/sistemas-de-informacion-canal-de-denuncias\/#primaryimage"},"thumbnailUrl":"https:\/\/evidence.es\/wp-content\/uploads\/sayus.png","datePublished":"2025-05-06T10:28:44+00:00","dateModified":"2025-10-31T07:21:48+00:00","breadcrumb":{"@id":"https:\/\/evidence.es\/sistemas-de-informacion-canal-de-denuncias\/#breadcrumb"},"inLanguage":"en-US","potentialAction":[{"@type":"ReadAction","target":["https:\/\/evidence.es\/sistemas-de-informacion-canal-de-denuncias\/"]}]},{"@type":"ImageObject","inLanguage":"en-US","@id":"https:\/\/evidence.es\/sistemas-de-informacion-canal-de-denuncias\/#primaryimage","url":"https:\/\/evidence.es\/wp-content\/uploads\/sayus.png","contentUrl":"https:\/\/evidence.es\/wp-content\/uploads\/sayus.png"},{"@type":"BreadcrumbList","@id":"https:\/\/evidence.es\/sistemas-de-informacion-canal-de-denuncias\/#breadcrumb","itemListElement":[{"@type":"ListItem","position":1,"name":"Portada","item":"https:\/\/evidence.es\/"},{"@type":"ListItem","position":2,"name":"Sistemas de Informaci\u00f3n &#8211; Canal de Denuncias"}]},{"@type":"WebSite","@id":"https:\/\/evidence.es\/#website","url":"https:\/\/evidence.es\/","name":"Evidence","description":"evidence auditors","publisher":{"@id":"https:\/\/evidence.es\/#organization"},"alternateName":"evidence auditores","potentialAction":[{"@type":"SearchAction","target":{"@type":"EntryPoint","urlTemplate":"https:\/\/evidence.es\/?s={search_term_string}"},"query-input":{"@type":"PropertyValueSpecification","valueRequired":true,"valueName":"search_term_string"}}],"inLanguage":"en-US"},{"@type":"Organization","@id":"https:\/\/evidence.es\/#organization","name":"Evidence Auditors SL","url":"https:\/\/evidence.es\/","logo":{"@type":"ImageObject","inLanguage":"en-US","@id":"https:\/\/evidence.es\/#\/schema\/logo\/image\/","url":"https:\/\/evidence.es\/wp-content\/uploads\/2023\/06\/logo-transparente-evidence.png","contentUrl":"https:\/\/evidence.es\/wp-content\/uploads\/2023\/06\/logo-transparente-evidence.png","width":1000,"height":300,"caption":"Evidence auditores S.L"},"image":{"@id":"https:\/\/evidence.es\/#\/schema\/logo\/image\/"}}]}},"_links":{"self":[{"href":"https:\/\/evidence.es\/en\/wp-json\/wp\/v2\/pages\/1175","targetHints":{"allow":["GET"]}}],"collection":[{"href":"https:\/\/evidence.es\/en\/wp-json\/wp\/v2\/pages"}],"about":[{"href":"https:\/\/evidence.es\/en\/wp-json\/wp\/v2\/types\/page"}],"author":[{"embeddable":true,"href":"https:\/\/evidence.es\/en\/wp-json\/wp\/v2\/users\/2"}],"replies":[{"embeddable":true,"href":"https:\/\/evidence.es\/en\/wp-json\/wp\/v2\/comments?post=1175"}],"version-history":[{"count":23,"href":"https:\/\/evidence.es\/en\/wp-json\/wp\/v2\/pages\/1175\/revisions"}],"predecessor-version":[{"id":1304,"href":"https:\/\/evidence.es\/en\/wp-json\/wp\/v2\/pages\/1175\/revisions\/1304"}],"wp:attachment":[{"href":"https:\/\/evidence.es\/en\/wp-json\/wp\/v2\/media?parent=1175"}],"curies":[{"name":"wp","href":"https:\/\/api.w.org\/{rel}","templated":true}]}}