{"id":18,"date":"2023-06-27T09:23:31","date_gmt":"2023-06-27T09:23:31","guid":{"rendered":"https:\/\/evidence.es\/?page_id=18"},"modified":"2025-03-26T07:42:59","modified_gmt":"2025-03-26T07:42:59","slug":"aviso-legal","status":"publish","type":"page","link":"https:\/\/evidence.es\/en\/aviso-legal\/","title":{"rendered":"Legal warning"},"content":{"rendered":"<div data-elementor-type=\"wp-page\" data-elementor-id=\"18\" class=\"elementor elementor-18\" data-elementor-post-type=\"page\">\n\t\t\t\t\t\t<section class=\"elementor-section elementor-top-section elementor-element elementor-element-4da2a66 elementor-section-boxed elementor-section-height-default elementor-section-height-default\" data-id=\"4da2a66\" data-element_type=\"section\" data-e-type=\"section\">\n\t\t\t\t\t\t<div class=\"elementor-container elementor-column-gap-default\">\n\t\t\t\t\t<div class=\"elementor-column elementor-col-100 elementor-top-column elementor-element elementor-element-85bc754\" data-id=\"85bc754\" data-element_type=\"column\" data-e-type=\"column\">\n\t\t\t<div class=\"elementor-widget-wrap elementor-element-populated\">\n\t\t\t\t\t\t<div class=\"elementor-element elementor-element-80e6d3a elementor-widget elementor-widget-text-editor\" data-id=\"80e6d3a\" data-element_type=\"widget\" data-e-type=\"widget\" data-widget_type=\"text-editor.default\">\n\t\t\t\t<div class=\"elementor-widget-container\">\n\t\t\t\t\t\t\t\t\t<h1>LEGAL NOTICE<\/h1>\n<h2>Legal Notice and Protection of Personal Data<\/h2>\nIn compliance with current data protection regulations (Organic Law 15\/1999, of December 13), we inform you that the personal data collected on our website are part of the files under the responsibility of EVIDENCE AUDITORES SL (hereinafter, EVIDENCE).\n<p data-pm-slice=\"1 1 []\">For more information on data protection regulations, you can visit the Spanish Data Protection Agency website: <a href=\"https:\/\/www.aepd.es\/\">www.aepd.es<\/a>.<\/p>\n\n<h4>Purpose of data processing<\/h4>\nPersonal data will be processed exclusively to respond to inquiries and requests for information about the services offered. EVIDENCE will use your data in accordance with this Privacy Policy.\n<h4>User rights<\/h4>\nYou can exercise your rights of access, rectification, cancellation and opposition by writing to the following address: AVDA\/ PERIS Y VALERO, 70 12\u00aa, 46006 (Valencia, Spain)\n<h2>Terms of use<\/h2>\n<h3>Company Name and Contact Information<\/h3>\n<ul>\n \t<li><p>Company Name: EVIDENCE AUDITORES SL<\/p><\/li>\n \t<li><p>CIF: B98636038<\/p><\/li>\n \t<li><p>Address: Avinguda Cardenal Benlloch 45, 5 \u00ba B 46021 Valencia, Spain<\/p><\/li>\n \t<li><p>Email: <a>contacto@evidence.es<\/a><\/p><\/li>\n \t<li><p>Telephone: 963 958 956<\/p><\/li>\n \t<li><p>Registration Details: Registered in the Valencia Commercial Registry, Volume 9806; Folio 176; Registration Sheet No. 159,974.<\/p><\/li>\n<\/ul>\n<h3>Use of the website<\/h3>\nThe user assumes responsibility for using the website legally and ethically. The user agrees to provide truthful and lawful information when registering to access the services and content.\n<h2>Commitment to Responsible Use<\/h2>\nThe user agrees to use the website and its contents in an ethical and responsible manner. The following are prohibited:\n<ul>\n \t<li>Carry out illegal activities or activities contrary to public order.<\/li>\n \t<li>Disseminate content that is discriminatory, racist, pornographic, or violates human rights.<\/li>\n \t<li>Cause damage to EVIDENCE or third-party systems.<\/li>\n \t<li>Attempting to access other users&#039; accounts or modify their messages.<\/li>\n<\/ul>\nEVIDENCE reserves the right to remove any comment or contribution that does not comply with these conditions.\n<h2>Links Policy<\/h2>\nEVIDENCE is not responsible for the content of linked websites or their updates. Links are provided solely as a convenience and do not imply endorsement by EVIDENCE.\n<h2>Intellectual Property Rights<\/h2>\nEVIDENCE owns all intellectual property rights related to its website, including text, images, videos, sounds, software, trademarks, and logos. Unauthorized reproduction is prohibited.\n<h2>Limitation of Liability<\/h2>\nEVIDENCE will only be liable for damages directly attributable to the company&#039;s improper conduct. Users must protect their equipment and data while browsing the website.\n<h2>Jurisdiction and Applicable Laws in the Legal Notice<\/h2>\nThe applicable law will be Spanish law. In the event of a dispute, both parties expressly submit to the jurisdiction of the Courts and Tribunals of Valencia.\n<h2>Modification of the Conditions of Use in the Legal Notice<\/h2>\nThese terms and conditions may be updated to reflect legislative changes, new services, or procedures. Changes will be posted on the website and will be effective immediately.\t\t\t\t\t\t\t\t<\/div>\n\t\t\t\t<\/div>\n\t\t\t\t\t<\/div>\n\t\t<\/div>\n\t\t\t\t\t<\/div>\n\t\t<\/section>\n\t\t\t\t<section class=\"elementor-section elementor-top-section elementor-element elementor-element-c58b08c elementor-section-boxed elementor-section-height-default elementor-section-height-default\" data-id=\"c58b08c\" data-element_type=\"section\" data-e-type=\"section\">\n\t\t\t\t\t\t<div class=\"elementor-container elementor-column-gap-default\">\n\t\t\t\t\t<div class=\"elementor-column elementor-col-100 elementor-top-column elementor-element elementor-element-b93b96e\" data-id=\"b93b96e\" data-element_type=\"column\" data-e-type=\"column\">\n\t\t\t<div class=\"elementor-widget-wrap elementor-element-populated\">\n\t\t\t\t\t\t<div class=\"elementor-element elementor-element-a3ab4d2 elementor-widget elementor-widget-image\" data-id=\"a3ab4d2\" data-element_type=\"widget\" data-e-type=\"widget\" data-widget_type=\"image.default\">\n\t\t\t\t<div class=\"elementor-widget-container\">\n\t\t\t\t\t\t\t\t\t\t\t\t\t\t\t<img fetchpriority=\"high\" decoding=\"async\" width=\"300\" height=\"180\" src=\"https:\/\/evidence.es\/wp-content\/uploads\/2023\/06\/evidence-1-300x180.png\" class=\"attachment-medium size-medium wp-image-8\" alt=\"evidence auditores valencia\" srcset=\"https:\/\/evidence.es\/wp-content\/uploads\/2023\/06\/evidence-1-300x180.png 300w, https:\/\/evidence.es\/wp-content\/uploads\/2023\/06\/evidence-1.png 500w\" sizes=\"(max-width: 300px) 100vw, 300px\" \/>\t\t\t\t\t\t\t\t\t\t\t\t\t\t\t<\/div>\n\t\t\t\t<\/div>\n\t\t\t\t\t<\/div>\n\t\t<\/div>\n\t\t\t\t\t<\/div>\n\t\t<\/section>\n\t\t\t\t<\/div>","protected":false},"excerpt":{"rendered":"<p>AVISO LEGAL Aviso legal y Protecci\u00f3n de Datos Personales En cumplimiento con la normativa vigente sobre protecci\u00f3n de datos (Ley Org\u00e1nica 15\/1999, de 13 de diciembre), te informamos que los datos personales recabados en nuestra p\u00e1gina web forman parte de los ficheros responsabilidad de EVIDENCE AUDITORES S.L. (en adelante, EVIDENCE). Para m\u00e1s informaci\u00f3n sobre la [&hellip;]<\/p>\n","protected":false},"author":1,"featured_media":0,"parent":0,"menu_order":0,"comment_status":"closed","ping_status":"closed","template":"","meta":{"footnotes":""},"class_list":["post-18","page","type-page","status-publish","hentry"],"yoast_head":"<!-- This site is optimized with the Yoast SEO plugin v27.1.1 - https:\/\/yoast.com\/product\/yoast-seo-wordpress\/ -->\n<title>Aviso legal - Evidence<\/title>\n<meta name=\"description\" content=\"Consulta el aviso legal, condiciones de uso y pol\u00edtica de privacidad de EVIDENCE sobre la propiedad intelectual y tratamiento de los datos.\" \/>\n<meta name=\"robots\" content=\"noindex, follow\" \/>\n<meta property=\"og:locale\" content=\"en_US\" \/>\n<meta property=\"og:type\" content=\"article\" \/>\n<meta property=\"og:title\" content=\"Aviso legal - Evidence\" \/>\n<meta property=\"og:description\" content=\"Consulta el aviso legal, condiciones de uso y pol\u00edtica de privacidad de EVIDENCE sobre la propiedad intelectual y tratamiento de los datos.\" \/>\n<meta property=\"og:url\" content=\"https:\/\/evidence.es\/en\/aviso-legal\/\" \/>\n<meta property=\"og:site_name\" content=\"Evidence\" \/>\n<meta property=\"article:modified_time\" content=\"2025-03-26T07:42:59+00:00\" \/>\n<meta property=\"og:image\" content=\"https:\/\/evidence.es\/wp-content\/uploads\/2023\/06\/evidence-1-300x180.png\" \/>\n<meta name=\"twitter:card\" content=\"summary_large_image\" \/>\n<meta name=\"twitter:label1\" content=\"Est. reading time\" \/>\n\t<meta name=\"twitter:data1\" content=\"3 minutes\" \/>\n<script type=\"application\/ld+json\" class=\"yoast-schema-graph\">{\"@context\":\"https:\/\/schema.org\",\"@graph\":[{\"@type\":\"WebPage\",\"@id\":\"https:\/\/evidence.es\/aviso-legal\/\",\"url\":\"https:\/\/evidence.es\/aviso-legal\/\",\"name\":\"Aviso legal - Evidence\",\"isPartOf\":{\"@id\":\"https:\/\/evidence.es\/#website\"},\"primaryImageOfPage\":{\"@id\":\"https:\/\/evidence.es\/aviso-legal\/#primaryimage\"},\"image\":{\"@id\":\"https:\/\/evidence.es\/aviso-legal\/#primaryimage\"},\"thumbnailUrl\":\"https:\/\/evidence.es\/wp-content\/uploads\/2023\/06\/evidence-1-300x180.png\",\"datePublished\":\"2023-06-27T09:23:31+00:00\",\"dateModified\":\"2025-03-26T07:42:59+00:00\",\"description\":\"Consulta el aviso legal, condiciones de uso y pol\u00edtica de privacidad de EVIDENCE sobre la propiedad intelectual y tratamiento de los datos.\",\"breadcrumb\":{\"@id\":\"https:\/\/evidence.es\/aviso-legal\/#breadcrumb\"},\"inLanguage\":\"en-US\",\"potentialAction\":[{\"@type\":\"ReadAction\",\"target\":[\"https:\/\/evidence.es\/aviso-legal\/\"]}]},{\"@type\":\"ImageObject\",\"inLanguage\":\"en-US\",\"@id\":\"https:\/\/evidence.es\/aviso-legal\/#primaryimage\",\"url\":\"https:\/\/evidence.es\/wp-content\/uploads\/2023\/06\/evidence-1-300x180.png\",\"contentUrl\":\"https:\/\/evidence.es\/wp-content\/uploads\/2023\/06\/evidence-1-300x180.png\"},{\"@type\":\"BreadcrumbList\",\"@id\":\"https:\/\/evidence.es\/aviso-legal\/#breadcrumb\",\"itemListElement\":[{\"@type\":\"ListItem\",\"position\":1,\"name\":\"Portada\",\"item\":\"https:\/\/evidence.es\/\"},{\"@type\":\"ListItem\",\"position\":2,\"name\":\"Aviso legal\"}]},{\"@type\":\"WebSite\",\"@id\":\"https:\/\/evidence.es\/#website\",\"url\":\"https:\/\/evidence.es\/\",\"name\":\"Evidence\",\"description\":\"evidence auditores\",\"publisher\":{\"@id\":\"https:\/\/evidence.es\/#organization\"},\"alternateName\":\"evidence auditores\",\"potentialAction\":[{\"@type\":\"SearchAction\",\"target\":{\"@type\":\"EntryPoint\",\"urlTemplate\":\"https:\/\/evidence.es\/?s={search_term_string}\"},\"query-input\":{\"@type\":\"PropertyValueSpecification\",\"valueRequired\":true,\"valueName\":\"search_term_string\"}}],\"inLanguage\":\"en-US\"},{\"@type\":\"Organization\",\"@id\":\"https:\/\/evidence.es\/#organization\",\"name\":\"Evidence auditores S.L\",\"url\":\"https:\/\/evidence.es\/\",\"logo\":{\"@type\":\"ImageObject\",\"inLanguage\":\"en-US\",\"@id\":\"https:\/\/evidence.es\/#\/schema\/logo\/image\/\",\"url\":\"https:\/\/evidence.es\/wp-content\/uploads\/2023\/06\/logo-transparente-evidence.png\",\"contentUrl\":\"https:\/\/evidence.es\/wp-content\/uploads\/2023\/06\/logo-transparente-evidence.png\",\"width\":1000,\"height\":300,\"caption\":\"Evidence auditores S.L\"},\"image\":{\"@id\":\"https:\/\/evidence.es\/#\/schema\/logo\/image\/\"}}]}<\/script>\n<!-- \/ Yoast SEO plugin. -->","yoast_head_json":{"title":"Aviso legal - Evidence","description":"Consulta el aviso legal, condiciones de uso y pol\u00edtica de privacidad de EVIDENCE sobre la propiedad intelectual y tratamiento de los datos.","robots":{"index":"noindex","follow":"follow"},"og_locale":"en_US","og_type":"article","og_title":"Aviso legal - Evidence","og_description":"Consulta el aviso legal, condiciones de uso y pol\u00edtica de privacidad de EVIDENCE sobre la propiedad intelectual y tratamiento de los datos.","og_url":"https:\/\/evidence.es\/en\/aviso-legal\/","og_site_name":"Evidence","article_modified_time":"2025-03-26T07:42:59+00:00","og_image":[{"url":"https:\/\/evidence.es\/wp-content\/uploads\/2023\/06\/evidence-1-300x180.png","type":"","width":"","height":""}],"twitter_card":"summary_large_image","twitter_misc":{"Est. reading time":"3 minutes"},"schema":{"@context":"https:\/\/schema.org","@graph":[{"@type":"WebPage","@id":"https:\/\/evidence.es\/aviso-legal\/","url":"https:\/\/evidence.es\/aviso-legal\/","name":"Aviso legal - Evidence","isPartOf":{"@id":"https:\/\/evidence.es\/#website"},"primaryImageOfPage":{"@id":"https:\/\/evidence.es\/aviso-legal\/#primaryimage"},"image":{"@id":"https:\/\/evidence.es\/aviso-legal\/#primaryimage"},"thumbnailUrl":"https:\/\/evidence.es\/wp-content\/uploads\/2023\/06\/evidence-1-300x180.png","datePublished":"2023-06-27T09:23:31+00:00","dateModified":"2025-03-26T07:42:59+00:00","description":"Consulta el aviso legal, condiciones de uso y pol\u00edtica de privacidad de EVIDENCE sobre la propiedad intelectual y tratamiento de los datos.","breadcrumb":{"@id":"https:\/\/evidence.es\/aviso-legal\/#breadcrumb"},"inLanguage":"en-US","potentialAction":[{"@type":"ReadAction","target":["https:\/\/evidence.es\/aviso-legal\/"]}]},{"@type":"ImageObject","inLanguage":"en-US","@id":"https:\/\/evidence.es\/aviso-legal\/#primaryimage","url":"https:\/\/evidence.es\/wp-content\/uploads\/2023\/06\/evidence-1-300x180.png","contentUrl":"https:\/\/evidence.es\/wp-content\/uploads\/2023\/06\/evidence-1-300x180.png"},{"@type":"BreadcrumbList","@id":"https:\/\/evidence.es\/aviso-legal\/#breadcrumb","itemListElement":[{"@type":"ListItem","position":1,"name":"Portada","item":"https:\/\/evidence.es\/"},{"@type":"ListItem","position":2,"name":"Aviso legal"}]},{"@type":"WebSite","@id":"https:\/\/evidence.es\/#website","url":"https:\/\/evidence.es\/","name":"Evidence","description":"evidence auditors","publisher":{"@id":"https:\/\/evidence.es\/#organization"},"alternateName":"evidence auditores","potentialAction":[{"@type":"SearchAction","target":{"@type":"EntryPoint","urlTemplate":"https:\/\/evidence.es\/?s={search_term_string}"},"query-input":{"@type":"PropertyValueSpecification","valueRequired":true,"valueName":"search_term_string"}}],"inLanguage":"en-US"},{"@type":"Organization","@id":"https:\/\/evidence.es\/#organization","name":"Evidence Auditors SL","url":"https:\/\/evidence.es\/","logo":{"@type":"ImageObject","inLanguage":"en-US","@id":"https:\/\/evidence.es\/#\/schema\/logo\/image\/","url":"https:\/\/evidence.es\/wp-content\/uploads\/2023\/06\/logo-transparente-evidence.png","contentUrl":"https:\/\/evidence.es\/wp-content\/uploads\/2023\/06\/logo-transparente-evidence.png","width":1000,"height":300,"caption":"Evidence auditores S.L"},"image":{"@id":"https:\/\/evidence.es\/#\/schema\/logo\/image\/"}}]}},"_links":{"self":[{"href":"https:\/\/evidence.es\/en\/wp-json\/wp\/v2\/pages\/18","targetHints":{"allow":["GET"]}}],"collection":[{"href":"https:\/\/evidence.es\/en\/wp-json\/wp\/v2\/pages"}],"about":[{"href":"https:\/\/evidence.es\/en\/wp-json\/wp\/v2\/types\/page"}],"author":[{"embeddable":true,"href":"https:\/\/evidence.es\/en\/wp-json\/wp\/v2\/users\/1"}],"replies":[{"embeddable":true,"href":"https:\/\/evidence.es\/en\/wp-json\/wp\/v2\/comments?post=18"}],"version-history":[{"count":54,"href":"https:\/\/evidence.es\/en\/wp-json\/wp\/v2\/pages\/18\/revisions"}],"predecessor-version":[{"id":1163,"href":"https:\/\/evidence.es\/en\/wp-json\/wp\/v2\/pages\/18\/revisions\/1163"}],"wp:attachment":[{"href":"https:\/\/evidence.es\/en\/wp-json\/wp\/v2\/media?parent=18"}],"curies":[{"name":"wp","href":"https:\/\/api.w.org\/{rel}","templated":true}]}}